{"id":214,"date":"2018-10-16T08:50:33","date_gmt":"2018-10-16T08:50:33","guid":{"rendered":"https:\/\/www.beele.com\/beele-engineering\/we-care\/"},"modified":"2019-03-07T10:20:29","modified_gmt":"2019-03-07T10:20:29","slug":"we-care","status":"publish","type":"page","link":"https:\/\/www.beele.com\/nl\/we-care\/","title":{"rendered":"We care &#8211; We Solve"},"content":{"rendered":"<div class=\"row\"><div class=\"col-sm-6\"><h3 class=\"PageContent__intro\"><span class=\"s1\">We Care is onze passie \u2013 We Solve onze missie.<\/span><\/h3> <p class=\"p1\"><span class=\"s1\">De betrokkenheid van Beele Engineering bij de problematiek van klanten en de drive om voor hun vraagstukken kant-en-klare oplossingen te kunnen bieden, komen samen in onze passie en missie: <\/span><\/p> <p class=\"p1\"><span class=\"s1\">We Care is onze passie \u2013 We Solve onze missie.<\/span><\/p><\/div><div class=\"col-sm-6\"><p><span class=\"s1\">Daarmee onderscheidt Beele Engineering zich in de markt en in de manier waarop veiligheid gestalte krijgt. Want dat de wereld veiliger moet, dat voelt iedereen wel aan. Maar dat je als bedrijf verantwoordelijkheid neemt \u00e9n met die verantwoordelijkheid ook iets doet, is lang niet altijd vanzelfsprekend. Onze passie en missie maken in \u00e9\u00e9n keer duidelijk waar het bij Beele Engineering om draait: We Care \u2013 We Solve.<\/span><\/p><\/div><\/div> ","protected":false},"excerpt":{"rendered":"<p>We Care is onze passie \u2013 We Solve onze missie. De betrokkenheid van Beele Engineering bij de problematiek van klanten en de drive om voor hun vraagstukken kant-en-klare oplossingen te kunnen bieden, komen samen in onze passie en missie: We Care is onze passie \u2013 We Solve onze missie.Daarmee onderscheidt Beele Engineering zich in de [&hellip;]<\/p>\n","protected":false},"author":1,"featured_media":0,"parent":0,"menu_order":0,"comment_status":"closed","ping_status":"closed","template":"","meta":{"_acf_changed":false,"footnotes":""},"class_list":["post-214","page","type-page","status-publish","hentry"],"acf":[],"yoast_head":"<!-- This site is optimized with the Yoast SEO plugin v27.2 - https:\/\/yoast.com\/product\/yoast-seo-wordpress\/ -->\n<title>We care - We Solve - Beele<\/title>\n<meta name=\"robots\" content=\"index, follow, max-snippet:-1, max-image-preview:large, max-video-preview:-1\" \/>\n<link rel=\"canonical\" href=\"https:\/\/www.beele.com\/we-care-we-solve\/\" \/>\n<meta property=\"og:locale\" content=\"nl_NL\" \/>\n<meta property=\"og:type\" content=\"article\" \/>\n<meta property=\"og:title\" content=\"We care - We Solve - Beele\" \/>\n<meta property=\"og:description\" content=\"We Care is onze passie \u2013 We Solve onze missie. De betrokkenheid van Beele Engineering bij de problematiek van klanten en de drive om voor hun vraagstukken kant-en-klare oplossingen te kunnen bieden, komen samen in onze passie en missie: We Care is onze passie \u2013 We Solve onze missie.Daarmee onderscheidt Beele Engineering zich in de [&hellip;]\" \/>\n<meta property=\"og:url\" content=\"https:\/\/www.beele.com\/we-care-we-solve\/\" \/>\n<meta property=\"og:site_name\" content=\"Beele\" \/>\n<meta property=\"article:modified_time\" content=\"2019-03-07T10:20:29+00:00\" \/>\n<meta name=\"twitter:card\" content=\"summary_large_image\" \/>\n<meta name=\"twitter:label1\" content=\"Geschatte leestijd\" \/>\n\t<meta name=\"twitter:data1\" content=\"1 minuut\" \/>\n<script type=\"application\/ld+json\" class=\"yoast-schema-graph\">{\"@context\":\"https:\/\/schema.org\",\"@graph\":[{\"@type\":\"WebPage\",\"@id\":\"https:\/\/www.beele.com\/we-care-we-solve\/\",\"url\":\"https:\/\/www.beele.com\/we-care-we-solve\/\",\"name\":\"We care - We Solve - Beele\",\"isPartOf\":{\"@id\":\"https:\/\/www.beele.com\/#website\"},\"datePublished\":\"2018-10-16T08:50:33+00:00\",\"dateModified\":\"2019-03-07T10:20:29+00:00\",\"breadcrumb\":{\"@id\":\"https:\/\/www.beele.com\/we-care-we-solve\/#breadcrumb\"},\"inLanguage\":\"nl-NL\",\"potentialAction\":[{\"@type\":\"ReadAction\",\"target\":[\"https:\/\/www.beele.com\/we-care-we-solve\/\"]}]},{\"@type\":\"BreadcrumbList\",\"@id\":\"https:\/\/www.beele.com\/we-care-we-solve\/#breadcrumb\",\"itemListElement\":[{\"@type\":\"ListItem\",\"position\":1,\"name\":\"Home\",\"item\":\"https:\/\/www.beele.com\/nl\/\"},{\"@type\":\"ListItem\",\"position\":2,\"name\":\"We care &#8211; We Solve\"}]},{\"@type\":\"WebSite\",\"@id\":\"https:\/\/www.beele.com\/#website\",\"url\":\"https:\/\/www.beele.com\/\",\"name\":\"Beele\",\"description\":\"\",\"potentialAction\":[{\"@type\":\"SearchAction\",\"target\":{\"@type\":\"EntryPoint\",\"urlTemplate\":\"https:\/\/www.beele.com\/?s={search_term_string}\"},\"query-input\":{\"@type\":\"PropertyValueSpecification\",\"valueRequired\":true,\"valueName\":\"search_term_string\"}}],\"inLanguage\":\"nl-NL\"}]}<\/script>\n<!-- \/ Yoast SEO plugin. -->","yoast_head_json":{"title":"We care - We Solve - Beele","robots":{"index":"index","follow":"follow","max-snippet":"max-snippet:-1","max-image-preview":"max-image-preview:large","max-video-preview":"max-video-preview:-1"},"canonical":"https:\/\/www.beele.com\/we-care-we-solve\/","og_locale":"nl_NL","og_type":"article","og_title":"We care - We Solve - Beele","og_description":"We Care is onze passie \u2013 We Solve onze missie. De betrokkenheid van Beele Engineering bij de problematiek van klanten en de drive om voor hun vraagstukken kant-en-klare oplossingen te kunnen bieden, komen samen in onze passie en missie: We Care is onze passie \u2013 We Solve onze missie.Daarmee onderscheidt Beele Engineering zich in de [&hellip;]","og_url":"https:\/\/www.beele.com\/we-care-we-solve\/","og_site_name":"Beele","article_modified_time":"2019-03-07T10:20:29+00:00","twitter_card":"summary_large_image","twitter_misc":{"Geschatte leestijd":"1 minuut"},"schema":{"@context":"https:\/\/schema.org","@graph":[{"@type":"WebPage","@id":"https:\/\/www.beele.com\/we-care-we-solve\/","url":"https:\/\/www.beele.com\/we-care-we-solve\/","name":"We care - We Solve - Beele","isPartOf":{"@id":"https:\/\/www.beele.com\/#website"},"datePublished":"2018-10-16T08:50:33+00:00","dateModified":"2019-03-07T10:20:29+00:00","breadcrumb":{"@id":"https:\/\/www.beele.com\/we-care-we-solve\/#breadcrumb"},"inLanguage":"nl-NL","potentialAction":[{"@type":"ReadAction","target":["https:\/\/www.beele.com\/we-care-we-solve\/"]}]},{"@type":"BreadcrumbList","@id":"https:\/\/www.beele.com\/we-care-we-solve\/#breadcrumb","itemListElement":[{"@type":"ListItem","position":1,"name":"Home","item":"https:\/\/www.beele.com\/nl\/"},{"@type":"ListItem","position":2,"name":"We care &#8211; We Solve"}]},{"@type":"WebSite","@id":"https:\/\/www.beele.com\/#website","url":"https:\/\/www.beele.com\/","name":"Beele","description":"","potentialAction":[{"@type":"SearchAction","target":{"@type":"EntryPoint","urlTemplate":"https:\/\/www.beele.com\/?s={search_term_string}"},"query-input":{"@type":"PropertyValueSpecification","valueRequired":true,"valueName":"search_term_string"}}],"inLanguage":"nl-NL"}]}},"_links":{"self":[{"href":"https:\/\/www.beele.com\/nl\/wp-json\/wp\/v2\/pages\/214","targetHints":{"allow":["GET"]}}],"collection":[{"href":"https:\/\/www.beele.com\/nl\/wp-json\/wp\/v2\/pages"}],"about":[{"href":"https:\/\/www.beele.com\/nl\/wp-json\/wp\/v2\/types\/page"}],"author":[{"embeddable":true,"href":"https:\/\/www.beele.com\/nl\/wp-json\/wp\/v2\/users\/1"}],"replies":[{"embeddable":true,"href":"https:\/\/www.beele.com\/nl\/wp-json\/wp\/v2\/comments?post=214"}],"version-history":[{"count":2,"href":"https:\/\/www.beele.com\/nl\/wp-json\/wp\/v2\/pages\/214\/revisions"}],"predecessor-version":[{"id":316,"href":"https:\/\/www.beele.com\/nl\/wp-json\/wp\/v2\/pages\/214\/revisions\/316"}],"wp:attachment":[{"href":"https:\/\/www.beele.com\/nl\/wp-json\/wp\/v2\/media?parent=214"}],"curies":[{"name":"wp","href":"https:\/\/api.w.org\/{rel}","templated":true}]}}